{"id":8119,"date":"2023-10-11T10:56:32","date_gmt":"2023-10-11T10:56:32","guid":{"rendered":"https:\/\/preview.treethemes.com\/resonance\/modern\/?page_id=7"},"modified":"2025-09-25T13:04:26","modified_gmt":"2025-09-25T17:04:26","slug":"menium-recettes-numeriques","status":"publish","type":"page","link":"https:\/\/explore.menium.app\/en\/","title":{"rendered":"HOME"},"content":{"rendered":"<div class=\"wpb-content-wrapper\"><div data-vc-full-width=\"true\" data-vc-full-width-init=\"false\" data-vc-stretch-content=\"true\" class=\"vc_row wpb_row vc_row-fluid vc_row-no-padding\"><div class=\"wpb_animate_when_almost_visible wpb_fadeIn fadeIn wpb_column vc_column_container vc_col-sm-12\"><div class=\"vc_column-inner\"><div class=\"wpb_wrapper\"><div class=\"ult-spacer spacer-6a05a24c6ac4d\" data-id=\"6a05a24c6ac4d\" data-height=\"100\" data-height-mobile=\"65\" data-height-tab=\"\" data-height-tab-portrait=\"80\" data-height-mobile-landscape=\"65\" style=\"clear:both;display:block;\"><\/div><\/div><\/div><\/div><\/div><div class=\"vc_row-full-width vc_clearfix\"><\/div><div class=\"vc_row wpb_row vc_row-fluid vc_row-o-equal-height vc_row-o-content-middle vc_row-flex\"><div class=\"wpb_column vc_column_container vc_col-sm-2\"><div class=\"vc_column-inner\"><div class=\"wpb_wrapper\"><\/div><\/div><\/div><div class=\"align-center wpb_column vc_column_container vc_col-sm-8\"><div class=\"vc_column-inner\"><div class=\"wpb_wrapper\"><div class=\"ult-spacer spacer-6a05a24c6b4c2\" data-id=\"6a05a24c6b4c2\" data-height=\"160\" data-height-mobile=\"100\" data-height-tab=\"\" data-height-tab-portrait=\"120\" data-height-mobile-landscape=\"100\" style=\"clear:both;display:block;\"><\/div><div class=\"vc_empty_space\"   style=\"height: 25px\"><span class=\"vc_empty_space_inner\"><\/span><\/div><div data-rellax-speed=\"0.7\" data-rellax-percentage=\"0.7\" data-splitting=\"chars\" class=\"vc_row wpb_row vc_inner vc_row-fluid\"><\/div><h3 style=\"font-size: 90px;color: #f0ef90;text-align: center\" class=\"vc_custom_heading vc_do_custom_heading wpb_animate_when_almost_visible wpb_zoomIn zoomIn\" >Your favourite recipes? Always right at your fingertips.<\/h3><div class=\"ult-spacer spacer-6a05a24c6b99b\" data-id=\"6a05a24c6b99b\" data-height=\"65\" data-height-mobile=\"40\" data-height-tab=\"55\" data-height-tab-portrait=\"55\" data-height-mobile-landscape=\"40\" style=\"clear:both;display:block;\"><\/div><div class=\"vc_btn3-container  wpb_animate_when_almost_visible wpb_appear appear vc_btn3-inline vc_do_btn\" ><a style=\"background-color:#f0ef90; color:#1b3b25;\" class=\"vc_general vc_btn3 vc_btn3-size-lg vc_btn3-shape-round vc_btn3-style-custom\" href=\"https:\/\/menium.app\" title=\"Page d&#039;inscription Menium\">Try for Free!<\/a><\/div><div class=\"vc_empty_space\"   style=\"height: 25px\"><span class=\"vc_empty_space_inner\"><\/span><\/div><div class=\"ult-spacer spacer-6a05a24c6bbb2\" data-id=\"6a05a24c6bbb2\" data-height=\"150\" data-height-mobile=\"100\" data-height-tab=\"\" data-height-tab-portrait=\"150\" data-height-mobile-landscape=\"100\" style=\"clear:both;display:block;\"><\/div><\/div><\/div><\/div><div class=\"wpb_column vc_column_container vc_col-sm-2\"><div class=\"vc_column-inner\"><div class=\"wpb_wrapper\"><\/div><\/div><\/div><\/div><!-- Row Backgrounds --><div class=\"upb_bg_img\" data-ultimate-bg=\"url(https:\/\/explore.menium.app\/wp-content\/uploads\/2025\/05\/BR_306A1119-Modifier-fond.jpg)\" data-image-id=\"id^8612|url^https:\/\/explore.menium.app\/wp-content\/uploads\/2025\/05\/BR_306A1119-Modifier-fond.jpg|caption^null|alt^null|title^BR_306A1119-Modifier-fond|description^null\" data-ultimate-bg-style=\"vcpb-default\" data-bg-img-repeat=\"no-repeat\" data-bg-img-size=\"cover\" data-bg-img-position=\"\" data-parallx_sense=\"30\" data-bg-override=\"ex-full\" data-bg_img_attach=\"scroll\" data-upb-overlay-color=\"\" data-upb-bg-animation=\"\" data-fadeout=\"\" data-bg-animation=\"left-animation\" data-bg-animation-type=\"h\" data-animation-repeat=\"repeat\" data-fadeout-percentage=\"30\" data-parallax-content=\"\" data-parallax-content-sense=\"30\" data-row-effect-mobile-disable=\"true\" data-img-parallax-mobile-disable=\"true\" data-rtl=\"false\"  data-custom-vc-row=\"\"  data-vc=\"8.1\"  data-is_old_vc=\"\"  data-theme-support=\"\"   data-overlay=\"false\" data-overlay-color=\"\" data-overlay-pattern=\"\" data-overlay-pattern-opacity=\"\" data-overlay-pattern-size=\"\"    ><\/div><div class=\"vc_row wpb_row vc_row-fluid about-image-push-top\"><div class=\"wpb_column vc_column_container vc_col-sm-12\"><div class=\"vc_column-inner\"><div class=\"wpb_wrapper\"><div class=\"ult-content-box-container\" >\t\t<div class=\"ult-content-box\" style=\"box-shadow: px px px px none;-webkit-transition: all 700ms ease;-moz-transition: all 700ms ease;-ms-transition: all 700ms ease;-o-transition: all 700ms ease;transition: all 700ms ease;\"  data-hover_box_shadow=\"none\"    ><div data-rellax-speed=\"0.7\" data-rellax-percentage=\"0.7\" class=\"vc_row wpb_row vc_inner vc_row-fluid\"><div class=\"wpb_column vc_column_container vc_col-sm-2\"><div class=\"vc_column-inner\"><div class=\"wpb_wrapper\"><\/div><\/div><\/div><div class=\"wpb_column vc_column_container vc_col-sm-8\" id=\"screenshots-french\"><div class=\"vc_column-inner\"><div class=\"wpb_wrapper\"><\/div><\/div><\/div><div class=\"wpb_column vc_column_container vc_col-sm-2\"><div class=\"vc_column-inner\"><div class=\"wpb_wrapper\"><\/div><\/div><\/div><\/div><div data-rellax-speed=\"0.7\" data-rellax-percentage=\"0.7\" class=\"vc_row wpb_row vc_inner vc_row-fluid\"><div class=\"wpb_column vc_column_container vc_col-sm-2\"><div class=\"vc_column-inner\"><div class=\"wpb_wrapper\"><\/div><\/div><\/div><div class=\"wpb_column vc_column_container vc_col-sm-8\" id=\"screenshots-english\"><div class=\"vc_column-inner\"><div class=\"wpb_wrapper\">\n\t<div  class=\"parallax-mousemove wpb_single_image wpb_content_element vc_align_center\">\n\t\t\n\t\t\n\t\t<figure class=\"wpb_wrapper vc_figure wpb_animate_when_almost_visible wpb_fadeInUp fadeInUp\">\n\t\t\t<div class=\"vc_single_image-wrapper   vc_box_border_grey\"><img loading=\"lazy\" decoding=\"async\" width=\"2560\" height=\"1706\" src=\"https:\/\/explore.menium.app\/wp-content\/uploads\/2025\/05\/ANGEntete-3ecran-scaled.png\" class=\"vc_single_image-img attachment-full\" alt=\"\" title=\"ANGEntete-3ecran\" srcset=\"https:\/\/explore.menium.app\/wp-content\/uploads\/2025\/05\/ANGEntete-3ecran-scaled.png 2560w, https:\/\/explore.menium.app\/wp-content\/uploads\/2025\/05\/ANGEntete-3ecran-300x200.png 300w, https:\/\/explore.menium.app\/wp-content\/uploads\/2025\/05\/ANGEntete-3ecran-1024x683.png 1024w, https:\/\/explore.menium.app\/wp-content\/uploads\/2025\/05\/ANGEntete-3ecran-768x512.png 768w, https:\/\/explore.menium.app\/wp-content\/uploads\/2025\/05\/ANGEntete-3ecran-1536x1024.png 1536w, https:\/\/explore.menium.app\/wp-content\/uploads\/2025\/05\/ANGEntete-3ecran-2048x1365.png 2048w, https:\/\/explore.menium.app\/wp-content\/uploads\/2025\/05\/ANGEntete-3ecran-18x12.png 18w, https:\/\/explore.menium.app\/wp-content\/uploads\/2025\/05\/ANGEntete-3ecran-600x400.png 600w\" sizes=\"auto, (max-width: 2560px) 100vw, 2560px\" \/><\/div>\n\t\t<\/figure>\n\t<\/div>\n<\/div><\/div><\/div><div class=\"wpb_column vc_column_container vc_col-sm-2\"><div class=\"vc_column-inner\"><div class=\"wpb_wrapper\"><\/div><\/div><\/div><\/div>\t\t<\/div><\/div><\/div><\/div><\/div><\/div><div class=\"vc_row wpb_row vc_row-fluid align-center-mobile align-center-desktop vc_row-o-content-middle vc_row-flex\"><div class=\"wpb_column vc_column_container vc_col-sm-12\" id=\"arrow-box\"><div class=\"vc_column-inner\"><div class=\"wpb_wrapper\"><div class=\"vc_empty_space\"   style=\"height: 25px\"><span class=\"vc_empty_space_inner\"><\/span><\/div><div class=\"aio-icon-component   scroll-down-icon nav-to center style_1\"><div id=\"Info-box-wrap-4320\" class=\"aio-icon-box right-icon\" style=\"\"  ><div class=\"aio-ibd-block\" ><\/div> <!-- aio-ibd-block --><div class=\"aio-icon-right\"><div class=\"ult-just-icon-wrapper\"><div class=\"align-icon\" style=\"text-align:center;\">\n<div class=\"aio-icon-img\" style=\"font-size:51px;display:inline-block;\" >\n\t<img decoding=\"async\" class=\"img-icon\" alt=\"null\" src=\"https:\/\/explore.menium.app\/wp-content\/uploads\/2025\/01\/arrow-down-1-Jaune.svg\"\/>\n<\/div><\/div><\/div><\/div><\/div> <!-- aio-icon-box --><\/div> <!-- aio-icon-component --><\/div><\/div><\/div><\/div>\n<\/div>","protected":false},"excerpt":{"rendered":"Tes recettes pr\u00e9f\u00e9r\u00e9es? Toujours \u00e0 port\u00e9e de mainJ\u2019essaie gratuitement!","protected":false},"author":1,"featured_media":0,"parent":0,"menu_order":0,"comment_status":"closed","ping_status":"closed","template":"template-home.php","meta":{"footnotes":""},"class_list":["post-8119","page","type-page","status-publish","hentry"],"yoast_head":"<!-- This site is optimized with the Yoast SEO plugin v24.7 - https:\/\/yoast.com\/wordpress\/plugins\/seo\/ -->\n<title>Menium - L\u2019application pour importer et partager vos recettes manuscrites<\/title>\n<meta name=\"description\" content=\"Menium vous permet de sauvegarder vos recettes manuscrites, les organiser facilement et les partager avec vos proches en quelques clics.\" \/>\n<meta name=\"robots\" content=\"index, follow, max-snippet:-1, max-image-preview:large, max-video-preview:-1\" \/>\n<link rel=\"canonical\" href=\"https:\/\/explore.menium.app\/en\/\" \/>\n<meta property=\"og:locale\" content=\"en_US\" \/>\n<meta property=\"og:type\" content=\"article\" \/>\n<meta property=\"og:title\" content=\"Menium - L\u2019application pour importer et partager vos recettes manuscrites\" \/>\n<meta property=\"og:description\" content=\"Menium vous permet de sauvegarder vos recettes manuscrites, les organiser facilement et les partager avec vos proches en quelques clics.\" \/>\n<meta property=\"og:url\" content=\"https:\/\/explore.menium.app\/en\/\" \/>\n<meta property=\"og:site_name\" content=\"Menium\" \/>\n<meta property=\"article:publisher\" content=\"https:\/\/www.facebook.com\/profile.php?id=61560528182387\" \/>\n<meta property=\"article:modified_time\" content=\"2025-09-25T17:04:26+00:00\" \/>\n<meta name=\"twitter:card\" content=\"summary_large_image\" \/>\n<meta name=\"twitter:label1\" content=\"Est. reading time\" \/>\n\t<meta name=\"twitter:data1\" content=\"1 minute\" \/>\n<script type=\"application\/ld+json\" class=\"yoast-schema-graph\">{\"@context\":\"https:\/\/schema.org\",\"@graph\":[{\"@type\":\"WebPage\",\"@id\":\"https:\/\/explore.menium.app\/\",\"url\":\"https:\/\/explore.menium.app\/\",\"name\":\"Menium - L\u2019application pour importer et partager vos recettes manuscrites\",\"isPartOf\":{\"@id\":\"https:\/\/explore.menium.app\/#website\"},\"datePublished\":\"2023-10-11T10:56:32+00:00\",\"dateModified\":\"2025-09-25T17:04:26+00:00\",\"description\":\"Menium vous permet de sauvegarder vos recettes manuscrites, les organiser facilement et les partager avec vos proches en quelques clics.\",\"breadcrumb\":{\"@id\":\"https:\/\/explore.menium.app\/#breadcrumb\"},\"inLanguage\":\"en-CA\",\"potentialAction\":[{\"@type\":\"ReadAction\",\"target\":[\"https:\/\/explore.menium.app\/\"]}]},{\"@type\":\"BreadcrumbList\",\"@id\":\"https:\/\/explore.menium.app\/#breadcrumb\",\"itemListElement\":[{\"@type\":\"ListItem\",\"position\":1,\"name\":\"Accueil\",\"item\":\"https:\/\/explore.menium.app\/\"},{\"@type\":\"ListItem\",\"position\":2,\"name\":\"HOME\"}]},{\"@type\":\"WebSite\",\"@id\":\"https:\/\/explore.menium.app\/#website\",\"url\":\"https:\/\/explore.menium.app\/\",\"name\":\"Menium\",\"description\":\"\",\"publisher\":{\"@id\":\"https:\/\/explore.menium.app\/#organization\"},\"potentialAction\":[{\"@type\":\"SearchAction\",\"target\":{\"@type\":\"EntryPoint\",\"urlTemplate\":\"https:\/\/explore.menium.app\/?s={search_term_string}\"},\"query-input\":{\"@type\":\"PropertyValueSpecification\",\"valueRequired\":true,\"valueName\":\"search_term_string\"}}],\"inLanguage\":\"en-CA\"},{\"@type\":\"Organization\",\"@id\":\"https:\/\/explore.menium.app\/#organization\",\"name\":\"Menium\",\"url\":\"https:\/\/explore.menium.app\/\",\"logo\":{\"@type\":\"ImageObject\",\"inLanguage\":\"en-CA\",\"@id\":\"https:\/\/explore.menium.app\/#\/schema\/logo\/image\/\",\"url\":\"https:\/\/explore.menium.app\/wp-content\/uploads\/2024\/11\/logo.png\",\"contentUrl\":\"https:\/\/explore.menium.app\/wp-content\/uploads\/2024\/11\/logo.png\",\"width\":492,\"height\":124,\"caption\":\"Menium\"},\"image\":{\"@id\":\"https:\/\/explore.menium.app\/#\/schema\/logo\/image\/\"},\"sameAs\":[\"https:\/\/www.facebook.com\/profile.php?id=61560528182387\",\"https:\/\/www.instagram.com\/menium.app?igsh=MTJwYTNvZG1yMTgybg&utm_source=qr\",\"https:\/\/www.tiktok.com\/@menium.app?_r=1&_d=secCgYIASAHKAESPgo84KLKzeXImB3SrifEeitVT4EwWG1OzEp5mKGLcvxJeDAyVqWkMrOuhpBnljnmsbv0ssfmT2iSthEcCpGgA&checksum=04456a637968cdf0f6f1372c1c84388aecaa512f3c6e9e043873ffc9ec26984a&sec_uid=MS4wLjABAAAAt_F0vOVKtrmWd9gMO4dQz9bkmB3g0vHhPlPqKEGXG4uYKcyX1tNzMrgG68FqEvWq&sec_user_id=MS4wLjABAAAAt_F0vOVKtrmWd9gMO4dQz9bkmB3g0vHhPlPqKEGXG4uYKcyX1tNzMrgG68FqEvWq&share_app_id=1233&share_author_id=7459456815110554629&share_link_id=ccd6a5ac-aa8e-4873-a90d-eb7fe75f3a6f&sharer_language=fr&social_share_type=5&source=h5_m&timestamp=1736790386&u_code=ei8kidhm1074dm&ug_btm=b8727b0229&ugbiz_name=ACCOUNT&user_id=7459456815110554629&utm_campaign=client_share&utm_medium=android&utm_source=copy\"]}]}<\/script>\n<!-- \/ Yoast SEO plugin. -->","yoast_head_json":{"title":"Menium - L\u2019application pour importer et partager vos recettes manuscrites","description":"Menium vous permet de sauvegarder vos recettes manuscrites, les organiser facilement et les partager avec vos proches en quelques clics.","robots":{"index":"index","follow":"follow","max-snippet":"max-snippet:-1","max-image-preview":"max-image-preview:large","max-video-preview":"max-video-preview:-1"},"canonical":"https:\/\/explore.menium.app\/en\/","og_locale":"en_US","og_type":"article","og_title":"Menium - L\u2019application pour importer et partager vos recettes manuscrites","og_description":"Menium vous permet de sauvegarder vos recettes manuscrites, les organiser facilement et les partager avec vos proches en quelques clics.","og_url":"https:\/\/explore.menium.app\/en\/","og_site_name":"Menium","article_publisher":"https:\/\/www.facebook.com\/profile.php?id=61560528182387","article_modified_time":"2025-09-25T17:04:26+00:00","twitter_card":"summary_large_image","twitter_misc":{"Est. reading time":"1 minute"},"schema":{"@context":"https:\/\/schema.org","@graph":[{"@type":"WebPage","@id":"https:\/\/explore.menium.app\/","url":"https:\/\/explore.menium.app\/","name":"Menium - L\u2019application pour importer et partager vos recettes manuscrites","isPartOf":{"@id":"https:\/\/explore.menium.app\/#website"},"datePublished":"2023-10-11T10:56:32+00:00","dateModified":"2025-09-25T17:04:26+00:00","description":"Menium vous permet de sauvegarder vos recettes manuscrites, les organiser facilement et les partager avec vos proches en quelques clics.","breadcrumb":{"@id":"https:\/\/explore.menium.app\/#breadcrumb"},"inLanguage":"en-CA","potentialAction":[{"@type":"ReadAction","target":["https:\/\/explore.menium.app\/"]}]},{"@type":"BreadcrumbList","@id":"https:\/\/explore.menium.app\/#breadcrumb","itemListElement":[{"@type":"ListItem","position":1,"name":"Accueil","item":"https:\/\/explore.menium.app\/"},{"@type":"ListItem","position":2,"name":"HOME"}]},{"@type":"WebSite","@id":"https:\/\/explore.menium.app\/#website","url":"https:\/\/explore.menium.app\/","name":"Menium","description":"","publisher":{"@id":"https:\/\/explore.menium.app\/#organization"},"potentialAction":[{"@type":"SearchAction","target":{"@type":"EntryPoint","urlTemplate":"https:\/\/explore.menium.app\/?s={search_term_string}"},"query-input":{"@type":"PropertyValueSpecification","valueRequired":true,"valueName":"search_term_string"}}],"inLanguage":"en-CA"},{"@type":"Organization","@id":"https:\/\/explore.menium.app\/#organization","name":"Menium","url":"https:\/\/explore.menium.app\/","logo":{"@type":"ImageObject","inLanguage":"en-CA","@id":"https:\/\/explore.menium.app\/#\/schema\/logo\/image\/","url":"https:\/\/explore.menium.app\/wp-content\/uploads\/2024\/11\/logo.png","contentUrl":"https:\/\/explore.menium.app\/wp-content\/uploads\/2024\/11\/logo.png","width":492,"height":124,"caption":"Menium"},"image":{"@id":"https:\/\/explore.menium.app\/#\/schema\/logo\/image\/"},"sameAs":["https:\/\/www.facebook.com\/profile.php?id=61560528182387","https:\/\/www.instagram.com\/menium.app?igsh=MTJwYTNvZG1yMTgybg&utm_source=qr","https:\/\/www.tiktok.com\/@menium.app?_r=1&_d=secCgYIASAHKAESPgo84KLKzeXImB3SrifEeitVT4EwWG1OzEp5mKGLcvxJeDAyVqWkMrOuhpBnljnmsbv0ssfmT2iSthEcCpGgA&checksum=04456a637968cdf0f6f1372c1c84388aecaa512f3c6e9e043873ffc9ec26984a&sec_uid=MS4wLjABAAAAt_F0vOVKtrmWd9gMO4dQz9bkmB3g0vHhPlPqKEGXG4uYKcyX1tNzMrgG68FqEvWq&sec_user_id=MS4wLjABAAAAt_F0vOVKtrmWd9gMO4dQz9bkmB3g0vHhPlPqKEGXG4uYKcyX1tNzMrgG68FqEvWq&share_app_id=1233&share_author_id=7459456815110554629&share_link_id=ccd6a5ac-aa8e-4873-a90d-eb7fe75f3a6f&sharer_language=fr&social_share_type=5&source=h5_m&timestamp=1736790386&u_code=ei8kidhm1074dm&ug_btm=b8727b0229&ugbiz_name=ACCOUNT&user_id=7459456815110554629&utm_campaign=client_share&utm_medium=android&utm_source=copy"]}]}},"_links":{"self":[{"href":"https:\/\/explore.menium.app\/en\/wp-json\/wp\/v2\/pages\/8119","targetHints":{"allow":["GET"]}}],"collection":[{"href":"https:\/\/explore.menium.app\/en\/wp-json\/wp\/v2\/pages"}],"about":[{"href":"https:\/\/explore.menium.app\/en\/wp-json\/wp\/v2\/types\/page"}],"author":[{"embeddable":true,"href":"https:\/\/explore.menium.app\/en\/wp-json\/wp\/v2\/users\/1"}],"replies":[{"embeddable":true,"href":"https:\/\/explore.menium.app\/en\/wp-json\/wp\/v2\/comments?post=8119"}],"version-history":[{"count":53,"href":"https:\/\/explore.menium.app\/en\/wp-json\/wp\/v2\/pages\/8119\/revisions"}],"predecessor-version":[{"id":8898,"href":"https:\/\/explore.menium.app\/en\/wp-json\/wp\/v2\/pages\/8119\/revisions\/8898"}],"wp:attachment":[{"href":"https:\/\/explore.menium.app\/en\/wp-json\/wp\/v2\/media?parent=8119"}],"curies":[{"name":"wp","href":"https:\/\/api.w.org\/{rel}","templated":true}]}}