{"id":8317,"date":"2025-02-13T11:30:36","date_gmt":"2025-02-13T16:30:36","guid":{"rendered":"https:\/\/meniumapp.com\/?page_id=8317"},"modified":"2025-04-26T12:15:44","modified_gmt":"2025-04-26T16:15:44","slug":"mentions-legales","status":"publish","type":"page","link":"https:\/\/explore.menium.app\/en\/mentions-legales\/","title":{"rendered":"Legal Notice"},"content":{"rendered":"<div class=\"wpb-content-wrapper\"><div class=\"vc_row wpb_row vc_row-fluid\"><div class=\"wpb_column vc_column_container vc_col-sm-12\"><div class=\"vc_column-inner\"><div class=\"wpb_wrapper\">\n\t<div class=\"wpb_text_column wpb_content_element\" >\n\t\t<div class=\"wpb_wrapper\">\n\t\t\t<p class=\"p1\">Last updated: April 26 2025<\/p>\n<p>&nbsp;<\/p>\n<p>&nbsp;<\/p>\n<p><em><strong>1. \u00c9diteur du Site et de l&rsquo;Application<\/strong><\/em><br \/>\nNom de l&rsquo;entreprise : Effset D\u00e9veloppement Web<br \/>\nHeadquarters address: 7056 Saint-David Street, L\u00e9vis, Qu\u00e9bec G6V 1N3<br \/>\nContact adress e-mail : info@effset.ca<\/p>\n<p>&nbsp;<\/p>\n<p>&nbsp;<\/p>\n<p><em><strong>Publisher<\/strong><\/em><br \/>\nLe directeur de la publication est la personne responsable du contenu publi\u00e9 sur le site web et l&rsquo;application.<br \/>\nNom du directeur de la publication : Karrel Aubert et Fr\u00e9d\u00e9rik Guay<\/p>\n<p>&nbsp;<\/p>\n<p>&nbsp;<\/p>\n<p><em><strong>3. Hosting<\/strong><\/em><br \/>\nL&rsquo;application et le site web sont h\u00e9berg\u00e9s par :<br \/>\nNom de l&rsquo;h\u00e9bergeur : Amazon AWS<br \/>\nSite web de l&rsquo;h\u00e9bergeur : aws.amazon.com<\/p>\n<p>&nbsp;<\/p>\n<p>&nbsp;<\/p>\n<p><em><strong>4.\tIntellectual Property<\/strong><\/em><br \/>\nTous les \u00e9l\u00e9ments pr\u00e9sents sur le site et l&rsquo;application Menium, y compris les textes, images, graphismes, logos, ic\u00f4nes et vid\u00e9os, sont prot\u00e9g\u00e9s par les droits d&rsquo;auteur et les lois sur la propri\u00e9t\u00e9 intellectuelle. Toute reproduction, modification ou utilisation de ces \u00e9l\u00e9ments sans autorisation \u00e9crite pr\u00e9alable est strictement interdite.<\/p>\n<p>&nbsp;<\/p>\n<p><em><strong>5.\tPersonal Data<\/strong><\/em><br \/>\nConform\u00e9ment au R\u00e8glement G\u00e9n\u00e9ral sur la Protection des Donn\u00e9es (RGPD) et \u00e0 la l\u00e9gislation applicable, vous disposez d&rsquo;un droit d&rsquo;acc\u00e8s, de rectification et de suppression de vos donn\u00e9es personnelles. Pour plus d&rsquo;informations sur la mani\u00e8re dont nous collectons et traitons vos donn\u00e9es personnelles, veuillez consulter notre Politique de confidentialit\u00e9.<\/p>\n<p>&nbsp;<\/p>\n<p><em><strong>6. Cookies<\/strong><\/em><br \/>\nLe site et l&rsquo;application Menium utilisent des cookies pour am\u00e9liorer l&rsquo;exp\u00e9rience utilisateur. Vous pouvez accepter ou refuser l&rsquo;utilisation de cookies via les param\u00e8tres de votre navigateur. Pour en savoir plus, consultez notre Politique de cookies.<\/p>\n<p>&nbsp;<\/p>\n<p><em><strong>7.\tLiability<\/strong><\/em><br \/>\nNous nous effor\u00e7ons de garantir l&rsquo;exactitude des informations pr\u00e9sentes sur le site et l&rsquo;application, mais nous ne saurions \u00eatre tenus responsables des erreurs, omissions ou r\u00e9sultats obtenus suite \u00e0 l&rsquo;utilisation de ces informations.<br \/>\nNous d\u00e9clinons \u00e9galement toute responsabilit\u00e9 en cas de dysfonctionnements techniques, d&rsquo;interruptions ou de virus pouvant affecter l&rsquo;acc\u00e8s \u00e0 notre plateforme.<\/p>\n<p>&nbsp;<\/p>\n<p><em><strong>8.\tHyperlinks<\/strong><\/em><br \/>\nLe site et l&rsquo;application Menium peuvent contenir des liens hypertextes vers d&rsquo;autres sites web. Nous n&rsquo;exer\u00e7ons aucun contr\u00f4le sur le contenu de ces sites et ne pouvons \u00eatre tenus responsables des informations qu&rsquo;ils contiennent.<\/p>\n<p>&nbsp;<\/p>\n<p><em><strong>9.\tGoverning Law<\/strong><\/em><br \/>\nThese legal notices are governed by the laws of Canada. Any dispute will be subject to the exclusive jurisdiction of the courts in Canada.<\/p>\n<p>&nbsp;<\/p>\n<p><em><strong>10.\tModification of Legal Notices<\/strong><\/em><br \/>\nWe reserve the right to modify these legal notices at any time. We encourage you to regularly check this page to stay informed of any updates.<\/p>\n<p>&nbsp;<\/p>\n<p><em><strong>11. Contact<\/strong><\/em><br \/>\nPour toute question relative \u00e0 ces mentions l\u00e9gales, vous pouvez nous contacter \u00e0 l&rsquo;adresse suivante : support@menium.app.<\/p>\n\n\t\t<\/div>\n\t<\/div>\n<\/div><\/div><\/div><\/div>\n<\/div>","protected":false},"excerpt":{"rendered":"Derni\u00e8re mise \u00e0 jour : 26 avril 2025 &nbsp; &nbsp; 1. \u00c9diteur du Site et de l'Application Nom de l'entreprise : Effset D\u00e9veloppement Web Adresse du si\u00e8ge social : 7056 rue Saint-David, L\u00e9vis, Qu\u00e9bec G6V 1N3 Adresse e-mail de contact : info@effset.ca &nbsp; &nbsp; 2. Directeur de la publication Le directeur de la publication est [...]","protected":false},"author":1,"featured_media":0,"parent":0,"menu_order":0,"comment_status":"closed","ping_status":"closed","template":"one-page-template.php","meta":{"footnotes":""},"class_list":["post-8317","page","type-page","status-publish","hentry"],"yoast_head":"<!-- This site is optimized with the Yoast SEO plugin v24.7 - https:\/\/yoast.com\/wordpress\/plugins\/seo\/ -->\n<title>Mentions l\u00e9gales - Menium<\/title>\n<meta name=\"robots\" content=\"index, follow, max-snippet:-1, max-image-preview:large, max-video-preview:-1\" \/>\n<link rel=\"canonical\" href=\"https:\/\/explore.menium.app\/en\/mentions-legales\/\" \/>\n<meta property=\"og:locale\" content=\"en_US\" \/>\n<meta property=\"og:type\" content=\"article\" \/>\n<meta property=\"og:title\" content=\"Mentions l\u00e9gales - Menium\" \/>\n<meta property=\"og:url\" content=\"https:\/\/explore.menium.app\/en\/mentions-legales\/\" \/>\n<meta property=\"og:site_name\" content=\"Menium\" \/>\n<meta property=\"article:publisher\" content=\"https:\/\/www.facebook.com\/profile.php?id=61560528182387\" \/>\n<meta property=\"article:modified_time\" content=\"2025-04-26T16:15:44+00:00\" \/>\n<meta name=\"twitter:card\" content=\"summary_large_image\" \/>\n<meta name=\"twitter:label1\" content=\"Est. reading time\" \/>\n\t<meta name=\"twitter:data1\" content=\"3 minutes\" \/>\n<script type=\"application\/ld+json\" class=\"yoast-schema-graph\">{\"@context\":\"https:\/\/schema.org\",\"@graph\":[{\"@type\":\"WebPage\",\"@id\":\"https:\/\/explore.menium.app\/mentions-legales\/\",\"url\":\"https:\/\/explore.menium.app\/mentions-legales\/\",\"name\":\"Mentions l\u00e9gales - Menium\",\"isPartOf\":{\"@id\":\"https:\/\/explore.menium.app\/#website\"},\"datePublished\":\"2025-02-13T16:30:36+00:00\",\"dateModified\":\"2025-04-26T16:15:44+00:00\",\"breadcrumb\":{\"@id\":\"https:\/\/explore.menium.app\/mentions-legales\/#breadcrumb\"},\"inLanguage\":\"en-CA\",\"potentialAction\":[{\"@type\":\"ReadAction\",\"target\":[\"https:\/\/explore.menium.app\/mentions-legales\/\"]}]},{\"@type\":\"BreadcrumbList\",\"@id\":\"https:\/\/explore.menium.app\/mentions-legales\/#breadcrumb\",\"itemListElement\":[{\"@type\":\"ListItem\",\"position\":1,\"name\":\"Accueil\",\"item\":\"https:\/\/explore.menium.app\/\"},{\"@type\":\"ListItem\",\"position\":2,\"name\":\"Mentions l\u00e9gales\"}]},{\"@type\":\"WebSite\",\"@id\":\"https:\/\/explore.menium.app\/#website\",\"url\":\"https:\/\/explore.menium.app\/\",\"name\":\"Menium\",\"description\":\"\",\"publisher\":{\"@id\":\"https:\/\/explore.menium.app\/#organization\"},\"potentialAction\":[{\"@type\":\"SearchAction\",\"target\":{\"@type\":\"EntryPoint\",\"urlTemplate\":\"https:\/\/explore.menium.app\/?s={search_term_string}\"},\"query-input\":{\"@type\":\"PropertyValueSpecification\",\"valueRequired\":true,\"valueName\":\"search_term_string\"}}],\"inLanguage\":\"en-CA\"},{\"@type\":\"Organization\",\"@id\":\"https:\/\/explore.menium.app\/#organization\",\"name\":\"Menium\",\"url\":\"https:\/\/explore.menium.app\/\",\"logo\":{\"@type\":\"ImageObject\",\"inLanguage\":\"en-CA\",\"@id\":\"https:\/\/explore.menium.app\/#\/schema\/logo\/image\/\",\"url\":\"https:\/\/explore.menium.app\/wp-content\/uploads\/2024\/11\/logo.png\",\"contentUrl\":\"https:\/\/explore.menium.app\/wp-content\/uploads\/2024\/11\/logo.png\",\"width\":492,\"height\":124,\"caption\":\"Menium\"},\"image\":{\"@id\":\"https:\/\/explore.menium.app\/#\/schema\/logo\/image\/\"},\"sameAs\":[\"https:\/\/www.facebook.com\/profile.php?id=61560528182387\",\"https:\/\/www.instagram.com\/menium.app?igsh=MTJwYTNvZG1yMTgybg&utm_source=qr\",\"https:\/\/www.tiktok.com\/@menium.app?_r=1&_d=secCgYIASAHKAESPgo84KLKzeXImB3SrifEeitVT4EwWG1OzEp5mKGLcvxJeDAyVqWkMrOuhpBnljnmsbv0ssfmT2iSthEcCpGgA&checksum=04456a637968cdf0f6f1372c1c84388aecaa512f3c6e9e043873ffc9ec26984a&sec_uid=MS4wLjABAAAAt_F0vOVKtrmWd9gMO4dQz9bkmB3g0vHhPlPqKEGXG4uYKcyX1tNzMrgG68FqEvWq&sec_user_id=MS4wLjABAAAAt_F0vOVKtrmWd9gMO4dQz9bkmB3g0vHhPlPqKEGXG4uYKcyX1tNzMrgG68FqEvWq&share_app_id=1233&share_author_id=7459456815110554629&share_link_id=ccd6a5ac-aa8e-4873-a90d-eb7fe75f3a6f&sharer_language=fr&social_share_type=5&source=h5_m&timestamp=1736790386&u_code=ei8kidhm1074dm&ug_btm=b8727b0229&ugbiz_name=ACCOUNT&user_id=7459456815110554629&utm_campaign=client_share&utm_medium=android&utm_source=copy\"]}]}<\/script>\n<!-- \/ Yoast SEO plugin. -->","yoast_head_json":{"title":"Mentions l\u00e9gales - Menium","robots":{"index":"index","follow":"follow","max-snippet":"max-snippet:-1","max-image-preview":"max-image-preview:large","max-video-preview":"max-video-preview:-1"},"canonical":"https:\/\/explore.menium.app\/en\/mentions-legales\/","og_locale":"en_US","og_type":"article","og_title":"Mentions l\u00e9gales - Menium","og_url":"https:\/\/explore.menium.app\/en\/mentions-legales\/","og_site_name":"Menium","article_publisher":"https:\/\/www.facebook.com\/profile.php?id=61560528182387","article_modified_time":"2025-04-26T16:15:44+00:00","twitter_card":"summary_large_image","twitter_misc":{"Est. reading time":"3 minutes"},"schema":{"@context":"https:\/\/schema.org","@graph":[{"@type":"WebPage","@id":"https:\/\/explore.menium.app\/mentions-legales\/","url":"https:\/\/explore.menium.app\/mentions-legales\/","name":"Mentions l\u00e9gales - Menium","isPartOf":{"@id":"https:\/\/explore.menium.app\/#website"},"datePublished":"2025-02-13T16:30:36+00:00","dateModified":"2025-04-26T16:15:44+00:00","breadcrumb":{"@id":"https:\/\/explore.menium.app\/mentions-legales\/#breadcrumb"},"inLanguage":"en-CA","potentialAction":[{"@type":"ReadAction","target":["https:\/\/explore.menium.app\/mentions-legales\/"]}]},{"@type":"BreadcrumbList","@id":"https:\/\/explore.menium.app\/mentions-legales\/#breadcrumb","itemListElement":[{"@type":"ListItem","position":1,"name":"Accueil","item":"https:\/\/explore.menium.app\/"},{"@type":"ListItem","position":2,"name":"Mentions l\u00e9gales"}]},{"@type":"WebSite","@id":"https:\/\/explore.menium.app\/#website","url":"https:\/\/explore.menium.app\/","name":"Menium","description":"","publisher":{"@id":"https:\/\/explore.menium.app\/#organization"},"potentialAction":[{"@type":"SearchAction","target":{"@type":"EntryPoint","urlTemplate":"https:\/\/explore.menium.app\/?s={search_term_string}"},"query-input":{"@type":"PropertyValueSpecification","valueRequired":true,"valueName":"search_term_string"}}],"inLanguage":"en-CA"},{"@type":"Organization","@id":"https:\/\/explore.menium.app\/#organization","name":"Menium","url":"https:\/\/explore.menium.app\/","logo":{"@type":"ImageObject","inLanguage":"en-CA","@id":"https:\/\/explore.menium.app\/#\/schema\/logo\/image\/","url":"https:\/\/explore.menium.app\/wp-content\/uploads\/2024\/11\/logo.png","contentUrl":"https:\/\/explore.menium.app\/wp-content\/uploads\/2024\/11\/logo.png","width":492,"height":124,"caption":"Menium"},"image":{"@id":"https:\/\/explore.menium.app\/#\/schema\/logo\/image\/"},"sameAs":["https:\/\/www.facebook.com\/profile.php?id=61560528182387","https:\/\/www.instagram.com\/menium.app?igsh=MTJwYTNvZG1yMTgybg&utm_source=qr","https:\/\/www.tiktok.com\/@menium.app?_r=1&_d=secCgYIASAHKAESPgo84KLKzeXImB3SrifEeitVT4EwWG1OzEp5mKGLcvxJeDAyVqWkMrOuhpBnljnmsbv0ssfmT2iSthEcCpGgA&checksum=04456a637968cdf0f6f1372c1c84388aecaa512f3c6e9e043873ffc9ec26984a&sec_uid=MS4wLjABAAAAt_F0vOVKtrmWd9gMO4dQz9bkmB3g0vHhPlPqKEGXG4uYKcyX1tNzMrgG68FqEvWq&sec_user_id=MS4wLjABAAAAt_F0vOVKtrmWd9gMO4dQz9bkmB3g0vHhPlPqKEGXG4uYKcyX1tNzMrgG68FqEvWq&share_app_id=1233&share_author_id=7459456815110554629&share_link_id=ccd6a5ac-aa8e-4873-a90d-eb7fe75f3a6f&sharer_language=fr&social_share_type=5&source=h5_m&timestamp=1736790386&u_code=ei8kidhm1074dm&ug_btm=b8727b0229&ugbiz_name=ACCOUNT&user_id=7459456815110554629&utm_campaign=client_share&utm_medium=android&utm_source=copy"]}]}},"_links":{"self":[{"href":"https:\/\/explore.menium.app\/en\/wp-json\/wp\/v2\/pages\/8317","targetHints":{"allow":["GET"]}}],"collection":[{"href":"https:\/\/explore.menium.app\/en\/wp-json\/wp\/v2\/pages"}],"about":[{"href":"https:\/\/explore.menium.app\/en\/wp-json\/wp\/v2\/types\/page"}],"author":[{"embeddable":true,"href":"https:\/\/explore.menium.app\/en\/wp-json\/wp\/v2\/users\/1"}],"replies":[{"embeddable":true,"href":"https:\/\/explore.menium.app\/en\/wp-json\/wp\/v2\/comments?post=8317"}],"version-history":[{"count":7,"href":"https:\/\/explore.menium.app\/en\/wp-json\/wp\/v2\/pages\/8317\/revisions"}],"predecessor-version":[{"id":8610,"href":"https:\/\/explore.menium.app\/en\/wp-json\/wp\/v2\/pages\/8317\/revisions\/8610"}],"wp:attachment":[{"href":"https:\/\/explore.menium.app\/en\/wp-json\/wp\/v2\/media?parent=8317"}],"curies":[{"name":"wp","href":"https:\/\/api.w.org\/{rel}","templated":true}]}}